{"id":92,"date":"2021-07-27T11:02:29","date_gmt":"2021-07-27T09:02:29","guid":{"rendered":"http:\/\/senfinenco.be\/?page_id=92"},"modified":"2021-07-30T11:10:59","modified_gmt":"2021-07-30T09:10:59","slug":"lidee","status":"publish","type":"page","link":"https:\/\/senfinenco.be\/index.php\/lidee\/","title":{"rendered":"L&rsquo;id\u00e9e"},"content":{"rendered":"\n<p>Une douche qui recycle son eau?<\/p>\n\n\n\n<p>Notre obectif \u00e9tait de trouver une solution au gaspillage d&rsquo;eau potable lors de douches quotidiennes.<\/p>\n\n\n\n<p>Pour le r\u00e9aliser, nous avons r\u00e9fl\u00e9chi \u00e0 une douche dot\u00e9 d&rsquo;un dispositif de filtration en temps r\u00e9el.<\/p>\n\n\n\n<p>Le syst\u00e8me fonctionne en circuit ferm\u00e9, ce qui permet de n&rsquo;utiliser qu&rsquo;une petite quantit\u00e9 d&rsquo;eau potable, et d&rsquo;ainsi r\u00e9duire consid\u00e9rablement la consommation quotidienne d&rsquo;eau potable dans les salles de bain.<\/p>\n\n\n\n<p>C&rsquo;est cela Senfinenco.<\/p>\n","protected":false},"excerpt":{"rendered":"<p>Une douche qui recycle son &hellip;<\/p>\n","protected":false},"author":1,"featured_media":0,"parent":0,"menu_order":0,"comment_status":"closed","ping_status":"closed","template":"","meta":[],"yoast_head":"<!-- This site is optimized with the Yoast SEO plugin v19.4 - https:\/\/yoast.com\/wordpress\/plugins\/seo\/ -->\n<title>L&#039;id\u00e9e - Senfinenco<\/title>\n<meta name=\"robots\" content=\"index, follow, max-snippet:-1, max-image-preview:large, max-video-preview:-1\" \/>\n<link rel=\"canonical\" href=\"https:\/\/senfinenco.be\/index.php\/lidee\/\" \/>\n<meta property=\"og:locale\" content=\"fr_FR\" \/>\n<meta property=\"og:type\" content=\"article\" \/>\n<meta property=\"og:title\" content=\"L&#039;id\u00e9e - Senfinenco\" \/>\n<meta property=\"og:description\" content=\"Une douche qui recycle son &hellip;\" \/>\n<meta property=\"og:url\" content=\"https:\/\/senfinenco.be\/index.php\/lidee\/\" \/>\n<meta property=\"og:site_name\" content=\"Senfinenco\" \/>\n<meta property=\"article:modified_time\" content=\"2021-07-30T09:10:59+00:00\" \/>\n<meta name=\"twitter:card\" content=\"summary_large_image\" \/>\n<script type=\"application\/ld+json\" class=\"yoast-schema-graph\">{\"@context\":\"https:\/\/schema.org\",\"@graph\":[{\"@type\":\"WebSite\",\"@id\":\"https:\/\/senfinenco.be\/#website\",\"url\":\"https:\/\/senfinenco.be\/\",\"name\":\"Senfinenco\",\"description\":\"La douche qui recycle son eau\",\"potentialAction\":[{\"@type\":\"SearchAction\",\"target\":{\"@type\":\"EntryPoint\",\"urlTemplate\":\"https:\/\/senfinenco.be\/?s={search_term_string}\"},\"query-input\":\"required name=search_term_string\"}],\"inLanguage\":\"fr-BE\"},{\"@type\":\"WebPage\",\"@id\":\"https:\/\/senfinenco.be\/index.php\/lidee\/\",\"url\":\"https:\/\/senfinenco.be\/index.php\/lidee\/\",\"name\":\"L'id\u00e9e - Senfinenco\",\"isPartOf\":{\"@id\":\"https:\/\/senfinenco.be\/#website\"},\"datePublished\":\"2021-07-27T09:02:29+00:00\",\"dateModified\":\"2021-07-30T09:10:59+00:00\",\"breadcrumb\":{\"@id\":\"https:\/\/senfinenco.be\/index.php\/lidee\/#breadcrumb\"},\"inLanguage\":\"fr-BE\",\"potentialAction\":[{\"@type\":\"ReadAction\",\"target\":[\"https:\/\/senfinenco.be\/index.php\/lidee\/\"]}]},{\"@type\":\"BreadcrumbList\",\"@id\":\"https:\/\/senfinenco.be\/index.php\/lidee\/#breadcrumb\",\"itemListElement\":[{\"@type\":\"ListItem\",\"position\":1,\"name\":\"L&rsquo;id\u00e9e\"}]}]}<\/script>\n<!-- \/ Yoast SEO plugin. -->","yoast_head_json":{"title":"L'id\u00e9e - Senfinenco","robots":{"index":"index","follow":"follow","max-snippet":"max-snippet:-1","max-image-preview":"max-image-preview:large","max-video-preview":"max-video-preview:-1"},"canonical":"https:\/\/senfinenco.be\/index.php\/lidee\/","og_locale":"fr_FR","og_type":"article","og_title":"L'id\u00e9e - Senfinenco","og_description":"Une douche qui recycle son &hellip;","og_url":"https:\/\/senfinenco.be\/index.php\/lidee\/","og_site_name":"Senfinenco","article_modified_time":"2021-07-30T09:10:59+00:00","twitter_card":"summary_large_image","schema":{"@context":"https:\/\/schema.org","@graph":[{"@type":"WebSite","@id":"https:\/\/senfinenco.be\/#website","url":"https:\/\/senfinenco.be\/","name":"Senfinenco","description":"La douche qui recycle son eau","potentialAction":[{"@type":"SearchAction","target":{"@type":"EntryPoint","urlTemplate":"https:\/\/senfinenco.be\/?s={search_term_string}"},"query-input":"required name=search_term_string"}],"inLanguage":"fr-BE"},{"@type":"WebPage","@id":"https:\/\/senfinenco.be\/index.php\/lidee\/","url":"https:\/\/senfinenco.be\/index.php\/lidee\/","name":"L'id\u00e9e - Senfinenco","isPartOf":{"@id":"https:\/\/senfinenco.be\/#website"},"datePublished":"2021-07-27T09:02:29+00:00","dateModified":"2021-07-30T09:10:59+00:00","breadcrumb":{"@id":"https:\/\/senfinenco.be\/index.php\/lidee\/#breadcrumb"},"inLanguage":"fr-BE","potentialAction":[{"@type":"ReadAction","target":["https:\/\/senfinenco.be\/index.php\/lidee\/"]}]},{"@type":"BreadcrumbList","@id":"https:\/\/senfinenco.be\/index.php\/lidee\/#breadcrumb","itemListElement":[{"@type":"ListItem","position":1,"name":"L&rsquo;id\u00e9e"}]}]}},"_links":{"self":[{"href":"https:\/\/senfinenco.be\/index.php\/wp-json\/wp\/v2\/pages\/92"}],"collection":[{"href":"https:\/\/senfinenco.be\/index.php\/wp-json\/wp\/v2\/pages"}],"about":[{"href":"https:\/\/senfinenco.be\/index.php\/wp-json\/wp\/v2\/types\/page"}],"author":[{"embeddable":true,"href":"https:\/\/senfinenco.be\/index.php\/wp-json\/wp\/v2\/users\/1"}],"replies":[{"embeddable":true,"href":"https:\/\/senfinenco.be\/index.php\/wp-json\/wp\/v2\/comments?post=92"}],"version-history":[{"count":4,"href":"https:\/\/senfinenco.be\/index.php\/wp-json\/wp\/v2\/pages\/92\/revisions"}],"predecessor-version":[{"id":248,"href":"https:\/\/senfinenco.be\/index.php\/wp-json\/wp\/v2\/pages\/92\/revisions\/248"}],"wp:attachment":[{"href":"https:\/\/senfinenco.be\/index.php\/wp-json\/wp\/v2\/media?parent=92"}],"curies":[{"name":"wp","href":"https:\/\/api.w.org\/{rel}","templated":true}]}}